{"id":1887,"date":"2017-02-20T11:46:00","date_gmt":"2017-02-20T11:46:00","guid":{"rendered":"http:\/\/www.holycrossballycahill.com\/news\/?page_id=1887"},"modified":"2025-05-15T10:24:31","modified_gmt":"2025-05-15T10:24:31","slug":"ballycahill-ns","status":"publish","type":"page","link":"http:\/\/www.holycrossballycahill.com\/news\/community\/ballycahill-ns\/","title":{"rendered":"Ballycahill NS"},"content":{"rendered":"<h1>Ballycahill NS<\/h1>\n<p><a href=\"http:\/\/www.holycrossballycahill.com\/news\/wp-content\/uploads\/2017\/02\/ballycahillschool2.jpg\" rel=\"lightbox[1887]\" title=\"Ballycahill NS\"><img decoding=\"async\" loading=\"lazy\" class=\"alignright size-medium wp-image-2001\" src=\"http:\/\/www.holycrossballycahill.com\/news\/wp-content\/uploads\/2017\/02\/ballycahillschool2-300x200.jpg\" alt=\"\" width=\"300\" height=\"200\" srcset=\"http:\/\/www.holycrossballycahill.com\/news\/wp-content\/uploads\/2017\/02\/ballycahillschool2-300x200.jpg 300w, http:\/\/www.holycrossballycahill.com\/news\/wp-content\/uploads\/2017\/02\/ballycahillschool2.jpg 640w\" sizes=\"(max-width: 300px) 100vw, 300px\" \/><\/a>Ballycahill NS is located four miles west of Thurles, on the Newport road to Limerick. It is a beautiful scenic village with a well landscaped green and many mature trees. In the centre of the village is the school.<\/p>\n<p>It is a co-educational, Catholic, primary school which strives to provide a well-ordered, caring, happy and secure atmosphere where the intellectual, spiritual, physical, moral and cultural needs of the pupils are identified and addressed. While Ballycahill NS is a school with a Catholic ethos, it also has due recognition for all other religions.<\/p>\n<p>Ballycahill NS endeavours to enhance the self-esteem of everyone in the school community, to imbue in the pupils respect for people and property and to encourage in them the idea of being responsible; all while encouraging the personal development of the staff and the involvement of parents.<\/p>\n<p>Deanfaimid iarracht an gaeilge a labhairt.<\/p>\n<p>&#8216;Mura gcuirfidh t\u00fa san Earrach n\u00ed bhainfidh t\u00fa san Fh\u00f3mhar&#8217;<\/p>\n<p>Contact: 085-1646484 or ballycahillns@gmail.com<\/p>\n","protected":false},"excerpt":{"rendered":"<p>Ballycahill NS Ballycahill NS is located four miles west of Thurles, on the Newport road to Limerick. It is a beautiful scenic village with a well landscaped green and many mature trees. In the centre of the village is the&hellip; <\/p>\n","protected":false},"author":1,"featured_media":0,"parent":1859,"menu_order":0,"comment_status":"closed","ping_status":"closed","template":"","meta":[],"_links":{"self":[{"href":"http:\/\/www.holycrossballycahill.com\/news\/wp-json\/wp\/v2\/pages\/1887"}],"collection":[{"href":"http:\/\/www.holycrossballycahill.com\/news\/wp-json\/wp\/v2\/pages"}],"about":[{"href":"http:\/\/www.holycrossballycahill.com\/news\/wp-json\/wp\/v2\/types\/page"}],"author":[{"embeddable":true,"href":"http:\/\/www.holycrossballycahill.com\/news\/wp-json\/wp\/v2\/users\/1"}],"replies":[{"embeddable":true,"href":"http:\/\/www.holycrossballycahill.com\/news\/wp-json\/wp\/v2\/comments?post=1887"}],"version-history":[{"count":5,"href":"http:\/\/www.holycrossballycahill.com\/news\/wp-json\/wp\/v2\/pages\/1887\/revisions"}],"predecessor-version":[{"id":6799,"href":"http:\/\/www.holycrossballycahill.com\/news\/wp-json\/wp\/v2\/pages\/1887\/revisions\/6799"}],"up":[{"embeddable":true,"href":"http:\/\/www.holycrossballycahill.com\/news\/wp-json\/wp\/v2\/pages\/1859"}],"wp:attachment":[{"href":"http:\/\/www.holycrossballycahill.com\/news\/wp-json\/wp\/v2\/media?parent=1887"}],"curies":[{"name":"wp","href":"https:\/\/api.w.org\/{rel}","templated":true}]}}